{"id":504,"date":"2025-10-12T00:13:37","date_gmt":"2025-10-11T21:13:37","guid":{"rendered":"https:\/\/vettertech.com\/?page_id=504"},"modified":"2025-10-12T12:36:45","modified_gmt":"2025-10-12T09:36:45","slug":"cift-milli-mikser","status":"publish","type":"page","link":"https:\/\/vettertech.com\/?page_id=504","title":{"rendered":"\u00c7\u0130FT M\u0130LL\u0130 M\u0130KSER"},"content":{"rendered":"\t\t<div data-elementor-type=\"wp-page\" data-elementor-id=\"504\" class=\"elementor elementor-504\" data-elementor-post-type=\"page\">\n\t\t\t\t<div class=\"elementor-element elementor-element-272d636 e-flex e-con-boxed e-con e-parent\" data-id=\"272d636\" data-element_type=\"container\">\n\t\t\t\t\t<div class=\"e-con-inner\">\n\t\t\t\t<div class=\"elementor-element elementor-element-48a0504 elementor-widget elementor-widget-image\" data-id=\"48a0504\" data-element_type=\"widget\" data-widget_type=\"image.default\">\n\t\t\t\t<div class=\"elementor-widget-container\">\n\t\t\t\t\t\t\t\t\t\t\t\t\t\t\t<img fetchpriority=\"high\" decoding=\"async\" width=\"1024\" height=\"576\" src=\"https:\/\/vettertech.com\/wp-content\/uploads\/2025\/10\/CIFT-MILLI-MIKSERLER.jpg\" class=\"attachment-large size-large wp-image-664\" alt=\"\" \/>\t\t\t\t\t\t\t\t\t\t\t\t\t\t\t<\/div>\n\t\t\t\t<\/div>\n\t\t\t\t<div class=\"elementor-element elementor-element-08bdec8 elementor-widget elementor-widget-gallery\" data-id=\"08bdec8\" data-element_type=\"widget\" data-settings=\"{&quot;lazyload&quot;:&quot;yes&quot;,&quot;gallery_layout&quot;:&quot;grid&quot;,&quot;columns&quot;:4,&quot;columns_tablet&quot;:2,&quot;columns_mobile&quot;:1,&quot;gap&quot;:{&quot;unit&quot;:&quot;px&quot;,&quot;size&quot;:10,&quot;sizes&quot;:[]},&quot;gap_tablet&quot;:{&quot;unit&quot;:&quot;px&quot;,&quot;size&quot;:10,&quot;sizes&quot;:[]},&quot;gap_mobile&quot;:{&quot;unit&quot;:&quot;px&quot;,&quot;size&quot;:10,&quot;sizes&quot;:[]},&quot;link_to&quot;:&quot;file&quot;,&quot;aspect_ratio&quot;:&quot;3:2&quot;,&quot;overlay_background&quot;:&quot;yes&quot;,&quot;content_hover_animation&quot;:&quot;fade-in&quot;}\" data-widget_type=\"gallery.default\">\n\t\t\t\t<div class=\"elementor-widget-container\">\n\t\t\t\t\t\t\t<div class=\"elementor-gallery__container\">\n\t\t\t\t\t\t\t<a class=\"e-gallery-item elementor-gallery-item elementor-animated-content\" href=\"https:\/\/vettertech.com\/wp-content\/uploads\/2025\/10\/WhatsApp-Image-2025-10-12-at-12.33.55.jpeg\" data-elementor-open-lightbox=\"yes\" data-elementor-lightbox-slideshow=\"08bdec8\" data-elementor-lightbox-title=\"WhatsApp Image 2025-10-12 at 12.33.55\" data-e-action-hash=\"#elementor-action%3Aaction%3Dlightbox%26settings%3DeyJpZCI6NjYzLCJ1cmwiOiJodHRwczpcL1wvdmV0dGVydGVjaC5jb21cL3dwLWNvbnRlbnRcL3VwbG9hZHNcLzIwMjVcLzEwXC9XaGF0c0FwcC1JbWFnZS0yMDI1LTEwLTEyLWF0LTEyLjMzLjU1LmpwZWciLCJzbGlkZXNob3ciOiIwOGJkZWM4In0%3D\">\n\t\t\t\t\t<div class=\"e-gallery-image elementor-gallery-item__image\" data-thumbnail=\"https:\/\/vettertech.com\/wp-content\/uploads\/2025\/10\/WhatsApp-Image-2025-10-12-at-12.33.55.jpeg\" data-width=\"225\" data-height=\"300\" aria-label=\"\" role=\"img\" ><\/div>\n\t\t\t\t\t\t\t\t\t\t\t<div class=\"elementor-gallery-item__overlay\"><\/div>\n\t\t\t\t\t\t\t\t\t\t\t\t\t\t<\/a>\n\t\t\t\t\t\t\t<a class=\"e-gallery-item elementor-gallery-item elementor-animated-content\" href=\"https:\/\/vettertech.com\/wp-content\/uploads\/2025\/10\/WhatsApp-Image-2025-10-12-at-12.33.55-4.jpeg\" data-elementor-open-lightbox=\"yes\" data-elementor-lightbox-slideshow=\"08bdec8\" data-elementor-lightbox-title=\"WhatsApp Image 2025-10-12 at 12.33.55 (4)\" data-e-action-hash=\"#elementor-action%3Aaction%3Dlightbox%26settings%3DeyJpZCI6NjU5LCJ1cmwiOiJodHRwczpcL1wvdmV0dGVydGVjaC5jb21cL3dwLWNvbnRlbnRcL3VwbG9hZHNcLzIwMjVcLzEwXC9XaGF0c0FwcC1JbWFnZS0yMDI1LTEwLTEyLWF0LTEyLjMzLjU1LTQuanBlZyIsInNsaWRlc2hvdyI6IjA4YmRlYzgifQ%3D%3D\">\n\t\t\t\t\t<div class=\"e-gallery-image elementor-gallery-item__image\" data-thumbnail=\"https:\/\/vettertech.com\/wp-content\/uploads\/2025\/10\/WhatsApp-Image-2025-10-12-at-12.33.55-4.jpeg\" data-width=\"225\" data-height=\"300\" aria-label=\"\" role=\"img\" ><\/div>\n\t\t\t\t\t\t\t\t\t\t\t<div class=\"elementor-gallery-item__overlay\"><\/div>\n\t\t\t\t\t\t\t\t\t\t\t\t\t\t<\/a>\n\t\t\t\t\t\t\t<a class=\"e-gallery-item elementor-gallery-item elementor-animated-content\" href=\"https:\/\/vettertech.com\/wp-content\/uploads\/2025\/10\/WhatsApp-Image-2025-10-12-at-12.33.55-3.jpeg\" data-elementor-open-lightbox=\"yes\" data-elementor-lightbox-slideshow=\"08bdec8\" data-elementor-lightbox-title=\"WhatsApp Image 2025-10-12 at 12.33.55 (3)\" data-e-action-hash=\"#elementor-action%3Aaction%3Dlightbox%26settings%3DeyJpZCI6NjYwLCJ1cmwiOiJodHRwczpcL1wvdmV0dGVydGVjaC5jb21cL3dwLWNvbnRlbnRcL3VwbG9hZHNcLzIwMjVcLzEwXC9XaGF0c0FwcC1JbWFnZS0yMDI1LTEwLTEyLWF0LTEyLjMzLjU1LTMuanBlZyIsInNsaWRlc2hvdyI6IjA4YmRlYzgifQ%3D%3D\">\n\t\t\t\t\t<div class=\"e-gallery-image elementor-gallery-item__image\" data-thumbnail=\"https:\/\/vettertech.com\/wp-content\/uploads\/2025\/10\/WhatsApp-Image-2025-10-12-at-12.33.55-3.jpeg\" data-width=\"300\" data-height=\"225\" aria-label=\"\" role=\"img\" ><\/div>\n\t\t\t\t\t\t\t\t\t\t\t<div class=\"elementor-gallery-item__overlay\"><\/div>\n\t\t\t\t\t\t\t\t\t\t\t\t\t\t<\/a>\n\t\t\t\t\t\t\t<a class=\"e-gallery-item elementor-gallery-item elementor-animated-content\" href=\"https:\/\/vettertech.com\/wp-content\/uploads\/2025\/10\/WhatsApp-Image-2025-10-12-at-12.33.55-2.jpeg\" data-elementor-open-lightbox=\"yes\" data-elementor-lightbox-slideshow=\"08bdec8\" data-elementor-lightbox-title=\"WhatsApp Image 2025-10-12 at 12.33.55 (2)\" data-e-action-hash=\"#elementor-action%3Aaction%3Dlightbox%26settings%3DeyJpZCI6NjYxLCJ1cmwiOiJodHRwczpcL1wvdmV0dGVydGVjaC5jb21cL3dwLWNvbnRlbnRcL3VwbG9hZHNcLzIwMjVcLzEwXC9XaGF0c0FwcC1JbWFnZS0yMDI1LTEwLTEyLWF0LTEyLjMzLjU1LTIuanBlZyIsInNsaWRlc2hvdyI6IjA4YmRlYzgifQ%3D%3D\">\n\t\t\t\t\t<div class=\"e-gallery-image elementor-gallery-item__image\" data-thumbnail=\"https:\/\/vettertech.com\/wp-content\/uploads\/2025\/10\/WhatsApp-Image-2025-10-12-at-12.33.55-2.jpeg\" data-width=\"300\" data-height=\"169\" aria-label=\"\" role=\"img\" ><\/div>\n\t\t\t\t\t\t\t\t\t\t\t<div class=\"elementor-gallery-item__overlay\"><\/div>\n\t\t\t\t\t\t\t\t\t\t\t\t\t\t<\/a>\n\t\t\t\t\t\t\t<a class=\"e-gallery-item elementor-gallery-item elementor-animated-content\" href=\"https:\/\/vettertech.com\/wp-content\/uploads\/2025\/10\/WhatsApp-Image-2025-10-12-at-12.33.55-1.jpeg\" data-elementor-open-lightbox=\"yes\" data-elementor-lightbox-slideshow=\"08bdec8\" data-elementor-lightbox-title=\"WhatsApp Image 2025-10-12 at 12.33.55 (1)\" data-e-action-hash=\"#elementor-action%3Aaction%3Dlightbox%26settings%3DeyJpZCI6NjYyLCJ1cmwiOiJodHRwczpcL1wvdmV0dGVydGVjaC5jb21cL3dwLWNvbnRlbnRcL3VwbG9hZHNcLzIwMjVcLzEwXC9XaGF0c0FwcC1JbWFnZS0yMDI1LTEwLTEyLWF0LTEyLjMzLjU1LTEuanBlZyIsInNsaWRlc2hvdyI6IjA4YmRlYzgifQ%3D%3D\">\n\t\t\t\t\t<div class=\"e-gallery-image elementor-gallery-item__image\" data-thumbnail=\"https:\/\/vettertech.com\/wp-content\/uploads\/2025\/10\/WhatsApp-Image-2025-10-12-at-12.33.55-1.jpeg\" data-width=\"169\" data-height=\"300\" aria-label=\"\" role=\"img\" ><\/div>\n\t\t\t\t\t\t\t\t\t\t\t<div class=\"elementor-gallery-item__overlay\"><\/div>\n\t\t\t\t\t\t\t\t\t\t\t\t\t\t<\/a>\n\t\t\t\t\t\t\t<a class=\"e-gallery-item elementor-gallery-item elementor-animated-content\" href=\"https:\/\/vettertech.com\/wp-content\/uploads\/2025\/10\/mikser-twin.70.203.png\" data-elementor-open-lightbox=\"yes\" data-elementor-lightbox-slideshow=\"08bdec8\" data-elementor-lightbox-title=\"mikser twin.70.203\" data-e-action-hash=\"#elementor-action%3Aaction%3Dlightbox%26settings%3DeyJpZCI6NTE5LCJ1cmwiOiJodHRwczpcL1wvdmV0dGVydGVjaC5jb21cL3dwLWNvbnRlbnRcL3VwbG9hZHNcLzIwMjVcLzEwXC9taWtzZXItdHdpbi43MC4yMDMucG5nIiwic2xpZGVzaG93IjoiMDhiZGVjOCJ9\">\n\t\t\t\t\t<div class=\"e-gallery-image elementor-gallery-item__image\" data-thumbnail=\"https:\/\/vettertech.com\/wp-content\/uploads\/2025\/10\/mikser-twin.70.203.png\" data-width=\"300\" data-height=\"169\" aria-label=\"\" role=\"img\" ><\/div>\n\t\t\t\t\t\t\t\t\t\t\t<div class=\"elementor-gallery-item__overlay\"><\/div>\n\t\t\t\t\t\t\t\t\t\t\t\t\t\t<\/a>\n\t\t\t\t\t\t\t<a class=\"e-gallery-item elementor-gallery-item elementor-animated-content\" href=\"https:\/\/vettertech.com\/wp-content\/uploads\/2025\/10\/mikser-twin.70.300.png\" data-elementor-open-lightbox=\"yes\" data-elementor-lightbox-slideshow=\"08bdec8\" data-elementor-lightbox-title=\"mikser twin.70.300\" data-e-action-hash=\"#elementor-action%3Aaction%3Dlightbox%26settings%3DeyJpZCI6NTIwLCJ1cmwiOiJodHRwczpcL1wvdmV0dGVydGVjaC5jb21cL3dwLWNvbnRlbnRcL3VwbG9hZHNcLzIwMjVcLzEwXC9taWtzZXItdHdpbi43MC4zMDAucG5nIiwic2xpZGVzaG93IjoiMDhiZGVjOCJ9\">\n\t\t\t\t\t<div class=\"e-gallery-image elementor-gallery-item__image\" data-thumbnail=\"https:\/\/vettertech.com\/wp-content\/uploads\/2025\/10\/mikser-twin.70.300.png\" data-width=\"300\" data-height=\"169\" aria-label=\"\" role=\"img\" ><\/div>\n\t\t\t\t\t\t\t\t\t\t\t<div class=\"elementor-gallery-item__overlay\"><\/div>\n\t\t\t\t\t\t\t\t\t\t\t\t\t\t<\/a>\n\t\t\t\t\t\t\t<a class=\"e-gallery-item elementor-gallery-item elementor-animated-content\" href=\"https:\/\/vettertech.com\/wp-content\/uploads\/2025\/10\/untitled.33.png\" data-elementor-open-lightbox=\"yes\" data-elementor-lightbox-slideshow=\"08bdec8\" data-elementor-lightbox-title=\"untitled.33\" data-e-action-hash=\"#elementor-action%3Aaction%3Dlightbox%26settings%3DeyJpZCI6NTIxLCJ1cmwiOiJodHRwczpcL1wvdmV0dGVydGVjaC5jb21cL3dwLWNvbnRlbnRcL3VwbG9hZHNcLzIwMjVcLzEwXC91bnRpdGxlZC4zMy5wbmciLCJzbGlkZXNob3ciOiIwOGJkZWM4In0%3D\">\n\t\t\t\t\t<div class=\"e-gallery-image elementor-gallery-item__image\" data-thumbnail=\"https:\/\/vettertech.com\/wp-content\/uploads\/2025\/10\/untitled.33.png\" data-width=\"300\" data-height=\"212\" aria-label=\"\" role=\"img\" ><\/div>\n\t\t\t\t\t\t\t\t\t\t\t<div class=\"elementor-gallery-item__overlay\"><\/div>\n\t\t\t\t\t\t\t\t\t\t\t\t\t\t<\/a>\n\t\t\t\t\t\t\t<a class=\"e-gallery-item elementor-gallery-item elementor-animated-content\" href=\"https:\/\/vettertech.com\/wp-content\/uploads\/2025\/10\/untitled.34.png\" data-elementor-open-lightbox=\"yes\" data-elementor-lightbox-slideshow=\"08bdec8\" data-elementor-lightbox-title=\"untitled.34\" data-e-action-hash=\"#elementor-action%3Aaction%3Dlightbox%26settings%3DeyJpZCI6NTIyLCJ1cmwiOiJodHRwczpcL1wvdmV0dGVydGVjaC5jb21cL3dwLWNvbnRlbnRcL3VwbG9hZHNcLzIwMjVcLzEwXC91bnRpdGxlZC4zNC5wbmciLCJzbGlkZXNob3ciOiIwOGJkZWM4In0%3D\">\n\t\t\t\t\t<div class=\"e-gallery-image elementor-gallery-item__image\" data-thumbnail=\"https:\/\/vettertech.com\/wp-content\/uploads\/2025\/10\/untitled.34.png\" data-width=\"300\" data-height=\"212\" aria-label=\"\" role=\"img\" ><\/div>\n\t\t\t\t\t\t\t\t\t\t\t<div class=\"elementor-gallery-item__overlay\"><\/div>\n\t\t\t\t\t\t\t\t\t\t\t\t\t\t<\/a>\n\t\t\t\t\t\t\t<a class=\"e-gallery-item elementor-gallery-item elementor-animated-content\" href=\"https:\/\/vettertech.com\/wp-content\/uploads\/2025\/10\/untitled.35.png\" data-elementor-open-lightbox=\"yes\" data-elementor-lightbox-slideshow=\"08bdec8\" data-elementor-lightbox-title=\"untitled.35\" data-e-action-hash=\"#elementor-action%3Aaction%3Dlightbox%26settings%3DeyJpZCI6NTIzLCJ1cmwiOiJodHRwczpcL1wvdmV0dGVydGVjaC5jb21cL3dwLWNvbnRlbnRcL3VwbG9hZHNcLzIwMjVcLzEwXC91bnRpdGxlZC4zNS5wbmciLCJzbGlkZXNob3ciOiIwOGJkZWM4In0%3D\">\n\t\t\t\t\t<div class=\"e-gallery-image elementor-gallery-item__image\" data-thumbnail=\"https:\/\/vettertech.com\/wp-content\/uploads\/2025\/10\/untitled.35.png\" data-width=\"300\" data-height=\"212\" aria-label=\"\" role=\"img\" ><\/div>\n\t\t\t\t\t\t\t\t\t\t\t<div class=\"elementor-gallery-item__overlay\"><\/div>\n\t\t\t\t\t\t\t\t\t\t\t\t\t\t<\/a>\n\t\t\t\t\t\t\t<a class=\"e-gallery-item elementor-gallery-item elementor-animated-content\" href=\"https:\/\/vettertech.com\/wp-content\/uploads\/2025\/10\/untitled.36.png\" data-elementor-open-lightbox=\"yes\" data-elementor-lightbox-slideshow=\"08bdec8\" data-elementor-lightbox-title=\"untitled.36\" data-e-action-hash=\"#elementor-action%3Aaction%3Dlightbox%26settings%3DeyJpZCI6NTI0LCJ1cmwiOiJodHRwczpcL1wvdmV0dGVydGVjaC5jb21cL3dwLWNvbnRlbnRcL3VwbG9hZHNcLzIwMjVcLzEwXC91bnRpdGxlZC4zNi5wbmciLCJzbGlkZXNob3ciOiIwOGJkZWM4In0%3D\">\n\t\t\t\t\t<div class=\"e-gallery-image elementor-gallery-item__image\" data-thumbnail=\"https:\/\/vettertech.com\/wp-content\/uploads\/2025\/10\/untitled.36.png\" data-width=\"300\" data-height=\"212\" aria-label=\"\" role=\"img\" ><\/div>\n\t\t\t\t\t\t\t\t\t\t\t<div class=\"elementor-gallery-item__overlay\"><\/div>\n\t\t\t\t\t\t\t\t\t\t\t\t\t\t<\/a>\n\t\t\t\t\t\t\t<a class=\"e-gallery-item elementor-gallery-item elementor-animated-content\" href=\"https:\/\/vettertech.com\/wp-content\/uploads\/2025\/10\/untitled.37.png\" data-elementor-open-lightbox=\"yes\" data-elementor-lightbox-slideshow=\"08bdec8\" data-elementor-lightbox-title=\"untitled.37\" data-e-action-hash=\"#elementor-action%3Aaction%3Dlightbox%26settings%3DeyJpZCI6NTI1LCJ1cmwiOiJodHRwczpcL1wvdmV0dGVydGVjaC5jb21cL3dwLWNvbnRlbnRcL3VwbG9hZHNcLzIwMjVcLzEwXC91bnRpdGxlZC4zNy5wbmciLCJzbGlkZXNob3ciOiIwOGJkZWM4In0%3D\">\n\t\t\t\t\t<div class=\"e-gallery-image elementor-gallery-item__image\" data-thumbnail=\"https:\/\/vettertech.com\/wp-content\/uploads\/2025\/10\/untitled.37.png\" data-width=\"300\" data-height=\"212\" aria-label=\"\" role=\"img\" ><\/div>\n\t\t\t\t\t\t\t\t\t\t\t<div class=\"elementor-gallery-item__overlay\"><\/div>\n\t\t\t\t\t\t\t\t\t\t\t\t\t\t<\/a>\n\t\t\t\t\t<\/div>\n\t\t\t\t\t<\/div>\n\t\t\t\t<\/div>\n\t\t\t\t\t<\/div>\n\t\t\t\t<\/div>\n\t\t\t\t<\/div>\n\t\t","protected":false},"excerpt":{"rendered":"","protected":false},"author":1,"featured_media":0,"parent":0,"menu_order":0,"comment_status":"closed","ping_status":"closed","template":"","meta":{"footnotes":""},"class_list":["post-504","page","type-page","status-publish","hentry"],"_links":{"self":[{"href":"https:\/\/vettertech.com\/index.php?rest_route=\/wp\/v2\/pages\/504","targetHints":{"allow":["GET"]}}],"collection":[{"href":"https:\/\/vettertech.com\/index.php?rest_route=\/wp\/v2\/pages"}],"about":[{"href":"https:\/\/vettertech.com\/index.php?rest_route=\/wp\/v2\/types\/page"}],"author":[{"embeddable":true,"href":"https:\/\/vettertech.com\/index.php?rest_route=\/wp\/v2\/users\/1"}],"replies":[{"embeddable":true,"href":"https:\/\/vettertech.com\/index.php?rest_route=%2Fwp%2Fv2%2Fcomments&post=504"}],"version-history":[{"count":7,"href":"https:\/\/vettertech.com\/index.php?rest_route=\/wp\/v2\/pages\/504\/revisions"}],"predecessor-version":[{"id":667,"href":"https:\/\/vettertech.com\/index.php?rest_route=\/wp\/v2\/pages\/504\/revisions\/667"}],"wp:attachment":[{"href":"https:\/\/vettertech.com\/index.php?rest_route=%2Fwp%2Fv2%2Fmedia&parent=504"}],"curies":[{"name":"wp","href":"https:\/\/api.w.org\/{rel}","templated":true}]}}