{"id":132,"date":"2020-10-10T15:18:23","date_gmt":"2020-10-10T15:18:23","guid":{"rendered":"https:\/\/demo.themedraft.net\/wp\/borex\/?page_id=132"},"modified":"2025-10-11T22:59:29","modified_gmt":"2025-10-11T19:59:29","slug":"contact","status":"publish","type":"page","link":"https:\/\/vettertech.com\/?page_id=132","title":{"rendered":"\u0130leti\u015fim"},"content":{"rendered":"\t\t<div data-elementor-type=\"wp-page\" data-elementor-id=\"132\" class=\"elementor elementor-132\" data-elementor-post-type=\"page\">\n\t\t\t\t\t\t<section class=\"elementor-section elementor-top-section elementor-element elementor-element-1ad0c981 elementor-section-boxed elementor-section-height-default elementor-section-height-default\" data-id=\"1ad0c981\" data-element_type=\"section\">\n\t\t\t\t\t\t<div class=\"elementor-container elementor-column-gap-default\">\n\t\t\t\t\t<div class=\"elementor-column elementor-col-100 elementor-top-column elementor-element elementor-element-36a2ab09\" data-id=\"36a2ab09\" data-element_type=\"column\">\n\t\t\t<div class=\"elementor-widget-wrap elementor-element-populated\">\n\t\t\t\t\t\t<div class=\"elementor-element elementor-element-5de2d315 elementor-widget elementor-widget-themedraft_contact_info\" data-id=\"5de2d315\" data-element_type=\"widget\" data-widget_type=\"themedraft_contact_info.default\">\n\t\t\t\t<div class=\"elementor-widget-container\">\n\t\t\t\t\t\n\t\t<div class=\"td-contact-info-wrapper\">\n\t\t\t<div class=\"row\">\n                                        <div class=\"col-lg-4 col-md-6\">\n                            <div class=\"td-single-contact-info\">\n                                <div class=\"td-contact-info-icon\">\n\t\t\t\t                                                            <div class=\"td-icon-wrapper td-font-icon\">\n\t\t\t\t\t\t                    <i aria-hidden=\"true\" class=\"td-icon flaticon-business-placeholder\"><\/i>                                        <\/div>\n\t\t\t\t                                                    <\/div>\n\n                                <h4 class=\"td-info-title\">ADRESS<\/h4>\n\n                                <div class=\"td-info-desc\"><p>Da\u011fyaka Mahallesi 2030 cadde no:7 Kahramankazan\/ANKARA<\/p><\/div>\n                            <\/div>\n                        <\/div>\n                                        <div class=\"col-lg-4 col-md-6\">\n                            <div class=\"td-single-contact-info\">\n                                <div class=\"td-contact-info-icon\">\n\t\t\t\t                                                            <div class=\"td-icon-wrapper td-font-icon\">\n\t\t\t\t\t\t                    <i aria-hidden=\"true\" class=\"td-icon flaticon-business-call\"><\/i>                                        <\/div>\n\t\t\t\t                                                    <\/div>\n\n                                <h4 class=\"td-info-title\">\u0130LET\u0130\u015e\u0130M<\/h4>\n\n                                <div class=\"td-info-desc\"><p><strong>Tel:<\/strong> <a href=\"tel:+32123456789\">+90 506 143 07 55<\/a><\/p><p><strong>Tel:<\/strong> <a href=\"tel:+820102345678\">+90 553 260 38 15<\/a><\/p><\/div>\n                            <\/div>\n                        <\/div>\n                                        <div class=\"col-lg-4 col-md-6\">\n                            <div class=\"td-single-contact-info\">\n                                <div class=\"td-contact-info-icon\">\n\t\t\t\t                                                            <div class=\"td-icon-wrapper td-font-icon\">\n\t\t\t\t\t\t                    <i aria-hidden=\"true\" class=\"td-icon flaticon-business-email\"><\/i>                                        <\/div>\n\t\t\t\t                                                    <\/div>\n\n                                <h4 class=\"td-info-title\">MAIL<\/h4>\n\n                                <div class=\"td-info-desc\"><p><strong>Mail: info@vettertech.com<\/strong><\/p><p>\u00a0<\/p><\/div>\n                            <\/div>\n                        <\/div>\n                \n\n\n\n\t\t\t<\/div>\n\t\t<\/div>\n\n\t\t\t\t\t\t<\/div>\n\t\t\t\t<\/div>\n\t\t\t\t\t<\/div>\n\t\t<\/div>\n\t\t\t\t\t<\/div>\n\t\t<\/section>\n\t\t\t\t<section class=\"elementor-section elementor-top-section elementor-element elementor-element-7294b273 elementor-section-full_width elementor-section-stretched elementor-section-height-default elementor-section-height-default\" data-id=\"7294b273\" data-element_type=\"section\" data-settings=\"{&quot;stretch_section&quot;:&quot;section-stretched&quot;,&quot;background_background&quot;:&quot;classic&quot;}\">\n\t\t\t\t\t\t\t<div class=\"elementor-background-overlay\"><\/div>\n\t\t\t\t\t\t\t<div class=\"elementor-container elementor-column-gap-default\">\n\t\t\t\t\t<div class=\"elementor-column elementor-col-100 elementor-top-column elementor-element elementor-element-77c1174a\" data-id=\"77c1174a\" data-element_type=\"column\">\n\t\t\t<div class=\"elementor-widget-wrap elementor-element-populated\">\n\t\t\t\t\t\t<div class=\"elementor-element elementor-element-6aca2459 elementor-widget elementor-widget-themedraft_section_title_widget\" data-id=\"6aca2459\" data-element_type=\"widget\" data-widget_type=\"themedraft_section_title_widget.default\">\n\t\t\t\t<div class=\"elementor-widget-container\">\n\t\t\t\t\t\n\t\t<div class=\"td-section-title-wrapper \" >\n\t\t\t<div class=\"td-section-title-content\">\n                \t\t\t\t<div class=\"td-section-subtitle td-border-left-right\">\n\t\t\t\t\t<h6 class=\"td-subtitle\">Contact<\/h6>\n\t\t\t\t<\/div>\n                \n\t\t\t\t<div class=\"td-section-title\">\n\t\t\t\t\t<h2 class=\"td-title\">Send a message<\/h2>\n\t\t\t\t<\/div>\n\n                \t\t\t<\/div>\n\t\t<\/div>\n\n\t\t\t\t\t\t<\/div>\n\t\t\t\t<\/div>\n\t\t\t\t\t<\/div>\n\t\t<\/div>\n\t\t\t\t\t<\/div>\n\t\t<\/section>\n\t\t\t\t<section class=\"elementor-section elementor-top-section elementor-element elementor-element-330ce1ca elementor-section-boxed elementor-section-height-default elementor-section-height-default\" data-id=\"330ce1ca\" data-element_type=\"section\" data-settings=\"{&quot;background_background&quot;:&quot;classic&quot;}\">\n\t\t\t\t\t\t<div class=\"elementor-container elementor-column-gap-extended\">\n\t\t\t\t\t<div class=\"elementor-column elementor-col-50 elementor-top-column elementor-element elementor-element-40306899\" data-id=\"40306899\" data-element_type=\"column\">\n\t\t\t<div class=\"elementor-widget-wrap elementor-element-populated\">\n\t\t\t\t\t\t<div class=\"elementor-element elementor-element-69b01a85 elementor-widget elementor-widget-themedraft_accordion\" data-id=\"69b01a85\" data-element_type=\"widget\" data-widget_type=\"themedraft_accordion.default\">\n\t\t\t\t<div class=\"elementor-widget-container\">\n\t\t\t\t\t        <div class=\"td-accordion-wrapper\">\n\t\t\t                <h3 class=\"td-accordion-title\">Most Asked Question.<\/h3>\n\t\t\t\n\t\t\t                <div class=\"td-accordion-desc\">\n\t\t\t\t\t<p>Lorem ipsum dolor sit amet, consectetur adipisicing elit, sed do eiusmod tempor incididunt labore.<\/p>                <\/div>\n\t\t\t\n            <div class=\"accordion\" id=\"td-accordion\">\n\n\t\t\t\t                        <div class=\"card\">\n                            <div class=\"card-header active\">\n                                <h2 class=\"card-title\">\n                                    <button class=\"btn btn-link\" type=\"button\" data-toggle=\"collapse\" data-target=\"#collapse-1\" aria-expanded=\"true\">\n\t\t\t\t\t\t\t\t\t\t01. How to open a bank account?                                    <\/button>\n                                <\/h2>\n                            <\/div>\n\n                            <div id=\"collapse-1\" class=\"collapse show\" data-parent=\"#td-accordion\">\n                                <div class=\"card-body\">\n\t\t\t\t\t\t\t\t\t<p>Lorem ipsum dolor sit amet, consectetur adipi sicing elite, sed do eiusmod tempor incididunt ut labore et dolore and magna aliua. Ut enim ad minim veniam<\/p>                                <\/div>\n                            <\/div>\n                        <\/div>\n\t\t\t\t\t\t                        <div class=\"card\">\n                            <div class=\"card-header \">\n                                <h2 class=\"card-title\">\n                                    <button class=\"btn btn-link\" type=\"button\" data-toggle=\"collapse\" data-target=\"#collapse-2\" aria-expanded=\"false\">\n\t\t\t\t\t\t\t\t\t\t02. Service hours on weekend?                                     <\/button>\n                                <\/h2>\n                            <\/div>\n\n                            <div id=\"collapse-2\" class=\"collapse \" data-parent=\"#td-accordion\">\n                                <div class=\"card-body\">\n\t\t\t\t\t\t\t\t\t<p>Lorem ipsum dolor sit amet, consectetur adipi sicing elite, sed do eiusmod tempor incididunt ut labore et dolore and magna aliua. Ut enim ad minim veniam<\/p>                                <\/div>\n                            <\/div>\n                        <\/div>\n\t\t\t\t\t\t                        <div class=\"card\">\n                            <div class=\"card-header \">\n                                <h2 class=\"card-title\">\n                                    <button class=\"btn btn-link\" type=\"button\" data-toggle=\"collapse\" data-target=\"#collapse-3\" aria-expanded=\"false\">\n\t\t\t\t\t\t\t\t\t\t03. Where is your office location?                                    <\/button>\n                                <\/h2>\n                            <\/div>\n\n                            <div id=\"collapse-3\" class=\"collapse \" data-parent=\"#td-accordion\">\n                                <div class=\"card-body\">\n\t\t\t\t\t\t\t\t\t<p>Lorem ipsum dolor sit amet, consectetur adipi sicing elite, sed do eiusmod tempor incididunt ut labore et dolore and magna aliua. Ut enim ad minim veniam<\/p>                                <\/div>\n                            <\/div>\n                        <\/div>\n\t\t\t\t\t\t                        <div class=\"card\">\n                            <div class=\"card-header \">\n                                <h2 class=\"card-title\">\n                                    <button class=\"btn btn-link\" type=\"button\" data-toggle=\"collapse\" data-target=\"#collapse-4\" aria-expanded=\"false\">\n\t\t\t\t\t\t\t\t\t\t04. What is the opening & closing time?                                    <\/button>\n                                <\/h2>\n                            <\/div>\n\n                            <div id=\"collapse-4\" class=\"collapse \" data-parent=\"#td-accordion\">\n                                <div class=\"card-body\">\n\t\t\t\t\t\t\t\t\t<p>Lorem ipsum dolor sit amet, consectetur adipi sicing elite, sed do eiusmod tempor incididunt ut labore et dolore and magna aliua. Ut enim ad minim veniam<\/p>                                <\/div>\n                            <\/div>\n                        <\/div>\n\t\t\t\t\t\t            <\/div>\n        <\/div>\n\n        <script>\n            (function ($) {\n                \"use strict\";\n                jQuery(document).ready(function($){\n                    $(\".td-accordion-wrapper .card-header\").on(\"click\", function () {\n                        if ($(this).hasClass(\"active\")){\n                            $(this).removeClass(\"active\");\n                        }else{\n                            $(\".td-accordion-wrapper .card-header\").removeClass(\"active\");\n                            $(this).addClass(\"active\");\n                        }\n                    });\n                });\n            }(jQuery));\n        <\/script>\n\t\t\t\t\t\t<\/div>\n\t\t\t\t<\/div>\n\t\t\t\t\t<\/div>\n\t\t<\/div>\n\t\t\t\t<div class=\"elementor-column elementor-col-50 elementor-top-column elementor-element elementor-element-7f349a38\" data-id=\"7f349a38\" data-element_type=\"column\">\n\t\t\t<div class=\"elementor-widget-wrap elementor-element-populated\">\n\t\t\t\t\t\t<div class=\"elementor-element elementor-element-1d5507d1 elementor-widget elementor-widget-themedraft_contact_form_seven\" data-id=\"1d5507d1\" data-element_type=\"widget\" data-widget_type=\"themedraft_contact_form_seven.default\">\n\t\t\t\t<div class=\"elementor-widget-container\">\n\t\t\t\t\t\n\t\t\t<div class=\"themedraft-contact-form-container \">\n                <h3 class=\"td-form-title\">Get In Touch<\/h3>\n\n\t\t\t\t                    <div class=\"td-form-desc\">\n\t\t\t\t\t\tLorem ipsum dolor sit amet, consectetur adipisicing elit, sed do eiusmod tempor incididunt labore.                    <\/div>\n\t\t\t\t\n\t\t\t\t[contact-form-7 id=\"95::Home Two Contact Form\" ]\t\t\t<\/div>\n\n\t\t\t\t\t\t\t<\/div>\n\t\t\t\t<\/div>\n\t\t\t\t\t<\/div>\n\t\t<\/div>\n\t\t\t\t\t<\/div>\n\t\t<\/section>\n\t\t\t\t<\/div>\n\t\t","protected":false},"excerpt":{"rendered":"<p>ADRESS Da\u011fyaka Mahallesi 2030 cadde no:7 Kahramankazan\/ANKARA \u0130LET\u0130\u015e\u0130M Tel: +90 506 143 07 55 Tel: +90 553 260 38 15 MAIL Mail: info@vettertech.com \u00a0 Contact Send a message Most Asked Question. Lorem ipsum dolor sit amet, consectetur adipisicing elit, sed do eiusmod tempor incididunt labore. 01. How to open a bank account? Lorem ipsum dolor [&hellip;]<\/p>\n","protected":false},"author":1,"featured_media":0,"parent":0,"menu_order":0,"comment_status":"closed","ping_status":"closed","template":"","meta":{"footnotes":""},"class_list":["post-132","page","type-page","status-publish","hentry"],"_links":{"self":[{"href":"https:\/\/vettertech.com\/index.php?rest_route=\/wp\/v2\/pages\/132","targetHints":{"allow":["GET"]}}],"collection":[{"href":"https:\/\/vettertech.com\/index.php?rest_route=\/wp\/v2\/pages"}],"about":[{"href":"https:\/\/vettertech.com\/index.php?rest_route=\/wp\/v2\/types\/page"}],"author":[{"embeddable":true,"href":"https:\/\/vettertech.com\/index.php?rest_route=\/wp\/v2\/users\/1"}],"replies":[{"embeddable":true,"href":"https:\/\/vettertech.com\/index.php?rest_route=%2Fwp%2Fv2%2Fcomments&post=132"}],"version-history":[{"count":5,"href":"https:\/\/vettertech.com\/index.php?rest_route=\/wp\/v2\/pages\/132\/revisions"}],"predecessor-version":[{"id":442,"href":"https:\/\/vettertech.com\/index.php?rest_route=\/wp\/v2\/pages\/132\/revisions\/442"}],"wp:attachment":[{"href":"https:\/\/vettertech.com\/index.php?rest_route=%2Fwp%2Fv2%2Fmedia&parent=132"}],"curies":[{"name":"wp","href":"https:\/\/api.w.org\/{rel}","templated":true}]}}