{"id":120,"date":"2020-10-10T15:14:36","date_gmt":"2020-10-10T15:14:36","guid":{"rendered":"https:\/\/demo.themedraft.net\/wp\/borex\/?page_id=120"},"modified":"2025-10-12T13:15:52","modified_gmt":"2025-10-12T10:15:52","slug":"about-us","status":"publish","type":"page","link":"https:\/\/vettertech.com\/?page_id=120","title":{"rendered":"Hakk\u0131m\u0131zda"},"content":{"rendered":"<h1><strong>B\u0130Z K\u0130M\u0130Z<\/strong><\/h1>\n<h2>\u00a0Vettertech\u2019in sahip oldu\u011fu tecr\u00fcbe ile 2023 y\u0131l\u0131nda kurulan <br \/>Vettertech Makina b\u00fcnyesinde Beton Santralleri ,K\u0131rma Eleme ve End\u00fcstriyel ekipmanlar \u00fcretmektedir. <br \/>Tasar\u0131m ve \u00fcretim s\u00fcre\u00e7lerinin tamam\u0131n\u0131 kendi b\u00fcnyesinde <br \/>bulunduran Vettertech bug\u00fcne kadar d\u00fcnyan\u0131n bir \u00e7ok <br \/>\u00fclkesinde onlarca beton santrali ve k\u0131rma eleme kurulumunu yapm\u0131\u015f, <br \/>devreye alm\u0131\u015f ve sat\u0131\u015f sonras\u0131 hizmetini vermeye devam <br \/>etmektedir.<\/h2>\n<p>&nbsp;<\/p>\n<p><a href=\"https:\/\/vimeo.com\/280293143\">\u00a0<\/a><\/p>\n\n\n<figure class=\"wp-block-image size-full is-resized\"><img fetchpriority=\"high\" decoding=\"async\" width=\"7335\" height=\"3721\" src=\"https:\/\/vettertech.com\/wp-content\/uploads\/2025\/01\/transparent1.png\" alt=\"\" class=\"wp-image-282\" style=\"width:436px;height:auto\"\/><\/figure>\n","protected":false},"excerpt":{"rendered":"<p>B\u0130Z K\u0130M\u0130Z \u00a0Vettertech\u2019in sahip oldu\u011fu tecr\u00fcbe ile 2023 y\u0131l\u0131nda kurulan Vettertech Makina b\u00fcnyesinde Beton Santralleri ,K\u0131rma Eleme ve End\u00fcstriyel ekipmanlar \u00fcretmektedir. Tasar\u0131m ve \u00fcretim s\u00fcre\u00e7lerinin tamam\u0131n\u0131 kendi b\u00fcnyesinde bulunduran Vettertech bug\u00fcne kadar d\u00fcnyan\u0131n bir \u00e7ok \u00fclkesinde onlarca beton santrali ve k\u0131rma eleme kurulumunu yapm\u0131\u015f, devreye alm\u0131\u015f ve sat\u0131\u015f sonras\u0131 hizmetini vermeye devam etmektedir. &nbsp; \u00a0<\/p>\n","protected":false},"author":1,"featured_media":0,"parent":0,"menu_order":0,"comment_status":"closed","ping_status":"closed","template":"","meta":{"footnotes":""},"class_list":["post-120","page","type-page","status-publish","hentry"],"_links":{"self":[{"href":"https:\/\/vettertech.com\/index.php?rest_route=\/wp\/v2\/pages\/120","targetHints":{"allow":["GET"]}}],"collection":[{"href":"https:\/\/vettertech.com\/index.php?rest_route=\/wp\/v2\/pages"}],"about":[{"href":"https:\/\/vettertech.com\/index.php?rest_route=\/wp\/v2\/types\/page"}],"author":[{"embeddable":true,"href":"https:\/\/vettertech.com\/index.php?rest_route=\/wp\/v2\/users\/1"}],"replies":[{"embeddable":true,"href":"https:\/\/vettertech.com\/index.php?rest_route=%2Fwp%2Fv2%2Fcomments&post=120"}],"version-history":[{"count":6,"href":"https:\/\/vettertech.com\/index.php?rest_route=\/wp\/v2\/pages\/120\/revisions"}],"predecessor-version":[{"id":688,"href":"https:\/\/vettertech.com\/index.php?rest_route=\/wp\/v2\/pages\/120\/revisions\/688"}],"wp:attachment":[{"href":"https:\/\/vettertech.com\/index.php?rest_route=%2Fwp%2Fv2%2Fmedia&parent=120"}],"curies":[{"name":"wp","href":"https:\/\/api.w.org\/{rel}","templated":true}]}}